{"id":585,"date":"2023-04-01T13:21:36","date_gmt":"2023-04-01T13:21:36","guid":{"rendered":"https:\/\/muscleboost.ch\/?page_id=585"},"modified":"2023-04-25T20:12:41","modified_gmt":"2023-04-25T18:12:41","slug":"gutschein","status":"publish","type":"page","link":"https:\/\/muscleboost.ch\/it\/gutschein\/","title":{"rendered":"Voucher"},"content":{"rendered":"<div data-elementor-type=\"wp-page\" data-elementor-id=\"585\" class=\"elementor elementor-585\" data-elementor-post-type=\"page\">\n\t\t\t\t\t\t\t\t\t<section class=\"elementor-section elementor-top-section elementor-element elementor-element-2db16d5 elementor-section-boxed elementor-section-height-default elementor-section-height-default\" data-id=\"2db16d5\" data-element_type=\"section\">\n\t\t\t\t\t\t<div class=\"elementor-container elementor-column-gap-default\">\n\t\t\t\t\t<div class=\"elementor-column elementor-col-100 elementor-top-column elementor-element elementor-element-e11a789\" data-id=\"e11a789\" data-element_type=\"column\">\n\t\t\t<div class=\"elementor-widget-wrap elementor-element-populated\">\n\t\t\t\t\t\t\t\t<div class=\"elementor-element elementor-element-9c3602a elementor-widget elementor-widget-text-editor\" data-id=\"9c3602a\" data-element_type=\"widget\" data-widget_type=\"text-editor.default\">\n\t\t\t\t<div class=\"elementor-widget-container\">\n\t\t\t<style>\/*! elementor - v3.16.0 - 17-10-2023 *\/\n.elementor-widget-text-editor.elementor-drop-cap-view-stacked .elementor-drop-cap{background-color:#69727d;color:#fff}.elementor-widget-text-editor.elementor-drop-cap-view-framed .elementor-drop-cap{color:#69727d;border:3px solid;background-color:transparent}.elementor-widget-text-editor:not(.elementor-drop-cap-view-default) .elementor-drop-cap{margin-top:8px}.elementor-widget-text-editor:not(.elementor-drop-cap-view-default) .elementor-drop-cap-letter{width:1em;height:1em}.elementor-widget-text-editor .elementor-drop-cap{float:left;text-align:center;line-height:1;font-size:50px}.elementor-widget-text-editor .elementor-drop-cap-letter{display:inline-block}<\/style>\t\t\t\tCercate il regalo perfetto per l'appassionato di fitness della vostra vita? Allora le carte regalo MuscleBoost sono quello che fa per voi! Regalate forza e potenza con i nostri prodotti premium per il fitness che aiutano a costruire i muscoli, ad aumentare l'energia e a migliorare le prestazioni generali.\t\t\t\t\t\t<\/div>\n\t\t\t\t<\/div>\n\t\t\t\t<div class=\"elementor-element elementor-element-7c3be63 elementor-widget elementor-widget-text-editor\" data-id=\"7c3be63\" data-element_type=\"widget\" data-widget_type=\"text-editor.default\">\n\t\t\t\t<div class=\"elementor-widget-container\">\n\t\t\t\t\t\t\t<p>Le nostre carte regalo sono disponibili in una vasta gamma di valori, in modo da soddisfare tutte le tasche. Inoltre, grazie al nostro sistema di ordinazione online facile e veloce, potete acquistare una carta regalo e farla recapitare direttamente al destinatario in pochi minuti.<\/p>\t\t\t\t\t\t<\/div>\n\t\t\t\t<\/div>\n\t\t\t\t<div class=\"elementor-element elementor-element-13b1c80 elementor-widget elementor-widget-text-editor\" data-id=\"13b1c80\" data-element_type=\"widget\" data-widget_type=\"text-editor.default\">\n\t\t\t\t<div class=\"elementor-widget-container\">\n\t\t\t\t\t\t\t<p>Con un buono regalo MuscleBoost, il destinatario pu\u00f2 scegliere tra la nostra vasta gamma di integratori, tra cui pre-allenamenti, proteine in polvere e altro ancora. E poich\u00e9 tutti i nostri prodotti sono supportati scientificamente e realizzati con ingredienti di altissima qualit\u00e0, potete essere certi di ricevere i migliori prodotti del settore.<\/p>\t\t\t\t\t\t<\/div>\n\t\t\t\t<\/div>\n\t\t\t\t<div class=\"elementor-element elementor-element-3036612 elementor-widget elementor-widget-text-editor\" data-id=\"3036612\" data-element_type=\"widget\" data-widget_type=\"text-editor.default\">\n\t\t\t\t<div class=\"elementor-widget-container\">\n\t\t\t\t\t\t\t<p>Che sia per un compleanno, per le feste o semplicemente per un motivo: regalate la forza e la potenza con un buono regalo MuscleBoost oggi stesso!<\/p>\t\t\t\t\t\t<\/div>\n\t\t\t\t<\/div>\n\t\t\t\t<div class=\"elementor-element elementor-element-acd85b1 elementor-align-center elementor-widget elementor-widget-button\" data-id=\"acd85b1\" data-element_type=\"widget\" data-widget_type=\"button.default\">\n\t\t\t\t<div class=\"elementor-widget-container\">\n\t\t\t\t\t<div class=\"elementor-button-wrapper\">\n\t\t\t<a class=\"elementor-button elementor-button-link elementor-size-lg\" href=\"https:\/\/muscleboost.ch\/it\/categoria-prodotto\/gutscheine\/\">\n\t\t\t\t\t\t<span class=\"elementor-button-content-wrapper\">\n\t\t\t\t\t\t<span class=\"elementor-button-text\">Clicca qui per i voucher<\/span>\n\t\t<\/span>\n\t\t\t\t\t<\/a>\n\t\t<\/div>\n\t\t\t\t<\/div>\n\t\t\t\t<\/div>\n\t\t\t\t\t<\/div>\n\t\t<\/div>\n\t\t\t\t\t\t\t<\/div>\n\t\t<\/section>\n\t\t\t\t\t\t\t<\/div>","protected":false},"excerpt":{"rendered":"<p>Du suchst das perfekte Geschenk f\u00fcr den Fitness-Enthusiasten in deinem Leben? Dann sind die MuscleBoost-Geschenkkarten genau das Richtige! Verschenke Kraft und Power mit unseren hochwertigen Fitnessprodukten, die zum Muskelaufbau, zur Steigerung der Energie und zur Verbesserung der allgemeinen Leistungsf\u00e4higkeit beitragen. Unsere Geschenkkarten sind in verschiedenen Werten erh\u00e4ltlich, so dass f\u00fcr jedes Budget das Richtige dabei [&hellip;]<\/p>","protected":false},"author":1,"featured_media":0,"parent":0,"menu_order":0,"comment_status":"closed","ping_status":"closed","template":"","meta":{"footnotes":""},"class_list":["post-585","page","type-page","status-publish","hentry"],"yoast_head":"<!-- This site is optimized with the Yoast SEO plugin v22.3 - https:\/\/yoast.com\/wordpress\/plugins\/seo\/ -->\n<title>Gutschein - MuscleBoost<\/title>\n<meta name=\"robots\" content=\"index, follow, max-snippet:-1, max-image-preview:large, max-video-preview:-1\" \/>\n<link rel=\"canonical\" href=\"https:\/\/muscleboost.ch\/it\/gutschein\/\" \/>\n<meta property=\"og:locale\" content=\"it_IT\" \/>\n<meta property=\"og:type\" content=\"article\" \/>\n<meta property=\"og:title\" content=\"Gutschein - MuscleBoost\" \/>\n<meta property=\"og:description\" content=\"Du suchst das perfekte Geschenk f\u00fcr den Fitness-Enthusiasten in deinem Leben? Dann sind die MuscleBoost-Geschenkkarten genau das Richtige! Verschenke Kraft und Power mit unseren hochwertigen Fitnessprodukten, die zum Muskelaufbau, zur Steigerung der Energie und zur Verbesserung der allgemeinen Leistungsf\u00e4higkeit beitragen. Unsere Geschenkkarten sind in verschiedenen Werten erh\u00e4ltlich, so dass f\u00fcr jedes Budget das Richtige dabei [&hellip;]\" \/>\n<meta property=\"og:url\" content=\"https:\/\/muscleboost.ch\/it\/gutschein\/\" \/>\n<meta property=\"og:site_name\" content=\"MuscleBoost\" \/>\n<meta property=\"article:modified_time\" content=\"2023-04-25T18:12:41+00:00\" \/>\n<meta property=\"og:image\" content=\"https:\/\/muscleboost.ch\/wp-content\/uploads\/2023\/04\/logo_meta.png\" \/>\n\t<meta property=\"og:image:width\" content=\"1200\" \/>\n\t<meta property=\"og:image:height\" content=\"627\" \/>\n\t<meta property=\"og:image:type\" content=\"image\/png\" \/>\n<meta name=\"twitter:card\" content=\"summary_large_image\" \/>\n<meta name=\"twitter:label1\" content=\"Tempo di lettura stimato\" \/>\n\t<meta name=\"twitter:data1\" content=\"1 minuto\" \/>\n<script type=\"application\/ld+json\" class=\"yoast-schema-graph\">{\"@context\":\"https:\/\/schema.org\",\"@graph\":[{\"@type\":\"WebPage\",\"@id\":\"https:\/\/muscleboost.ch\/gutschein\/\",\"url\":\"https:\/\/muscleboost.ch\/gutschein\/\",\"name\":\"Gutschein - MuscleBoost\",\"isPartOf\":{\"@id\":\"https:\/\/muscleboost.ch\/#website\"},\"datePublished\":\"2023-04-01T13:21:36+00:00\",\"dateModified\":\"2023-04-25T18:12:41+00:00\",\"breadcrumb\":{\"@id\":\"https:\/\/muscleboost.ch\/gutschein\/#breadcrumb\"},\"inLanguage\":\"it-IT\",\"potentialAction\":[{\"@type\":\"ReadAction\",\"target\":[\"https:\/\/muscleboost.ch\/gutschein\/\"]}]},{\"@type\":\"BreadcrumbList\",\"@id\":\"https:\/\/muscleboost.ch\/gutschein\/#breadcrumb\",\"itemListElement\":[{\"@type\":\"ListItem\",\"position\":1,\"name\":\"Startseite\",\"item\":\"https:\/\/muscleboost.ch\/\"},{\"@type\":\"ListItem\",\"position\":2,\"name\":\"Gutschein\"}]},{\"@type\":\"WebSite\",\"@id\":\"https:\/\/muscleboost.ch\/#website\",\"url\":\"https:\/\/muscleboost.ch\/\",\"name\":\"MuscleBoost\",\"description\":\"Dein Online Shop f\u00fcr hochwertige Fitness-Nahrungserg\u00e4nzungsmittel, die dir helfen, Muskeln und Kraft aufzubauen.\",\"publisher\":{\"@id\":\"https:\/\/muscleboost.ch\/#organization\"},\"potentialAction\":[{\"@type\":\"SearchAction\",\"target\":{\"@type\":\"EntryPoint\",\"urlTemplate\":\"https:\/\/muscleboost.ch\/?s={search_term_string}\"},\"query-input\":\"required name=search_term_string\"}],\"inLanguage\":\"it-IT\"},{\"@type\":\"Organization\",\"@id\":\"https:\/\/muscleboost.ch\/#organization\",\"name\":\"Muscleboost\",\"url\":\"https:\/\/muscleboost.ch\/\",\"logo\":{\"@type\":\"ImageObject\",\"inLanguage\":\"it-IT\",\"@id\":\"https:\/\/muscleboost.ch\/#\/schema\/logo\/image\/\",\"url\":\"https:\/\/muscleboost.ch\/wp-content\/uploads\/2023\/04\/logo_meta.png\",\"contentUrl\":\"https:\/\/muscleboost.ch\/wp-content\/uploads\/2023\/04\/logo_meta.png\",\"width\":1200,\"height\":627,\"caption\":\"Muscleboost\"},\"image\":{\"@id\":\"https:\/\/muscleboost.ch\/#\/schema\/logo\/image\/\"},\"sameAs\":[\"https:\/\/www.instagram.com\/muscleboost.ch\"]}]}<\/script>\n<!-- \/ Yoast SEO plugin. -->","yoast_head_json":{"title":"Gutschein - MuscleBoost","robots":{"index":"index","follow":"follow","max-snippet":"max-snippet:-1","max-image-preview":"max-image-preview:large","max-video-preview":"max-video-preview:-1"},"canonical":"https:\/\/muscleboost.ch\/it\/gutschein\/","og_locale":"it_IT","og_type":"article","og_title":"Gutschein - MuscleBoost","og_description":"Du suchst das perfekte Geschenk f\u00fcr den Fitness-Enthusiasten in deinem Leben? Dann sind die MuscleBoost-Geschenkkarten genau das Richtige! Verschenke Kraft und Power mit unseren hochwertigen Fitnessprodukten, die zum Muskelaufbau, zur Steigerung der Energie und zur Verbesserung der allgemeinen Leistungsf\u00e4higkeit beitragen. Unsere Geschenkkarten sind in verschiedenen Werten erh\u00e4ltlich, so dass f\u00fcr jedes Budget das Richtige dabei [&hellip;]","og_url":"https:\/\/muscleboost.ch\/it\/gutschein\/","og_site_name":"MuscleBoost","article_modified_time":"2023-04-25T18:12:41+00:00","og_image":[{"width":1200,"height":627,"url":"https:\/\/muscleboost.ch\/wp-content\/uploads\/2023\/04\/logo_meta.png","type":"image\/png"}],"twitter_card":"summary_large_image","twitter_misc":{"Tempo di lettura stimato":"1 minuto"},"schema":{"@context":"https:\/\/schema.org","@graph":[{"@type":"WebPage","@id":"https:\/\/muscleboost.ch\/gutschein\/","url":"https:\/\/muscleboost.ch\/gutschein\/","name":"Gutschein - MuscleBoost","isPartOf":{"@id":"https:\/\/muscleboost.ch\/#website"},"datePublished":"2023-04-01T13:21:36+00:00","dateModified":"2023-04-25T18:12:41+00:00","breadcrumb":{"@id":"https:\/\/muscleboost.ch\/gutschein\/#breadcrumb"},"inLanguage":"it-IT","potentialAction":[{"@type":"ReadAction","target":["https:\/\/muscleboost.ch\/gutschein\/"]}]},{"@type":"BreadcrumbList","@id":"https:\/\/muscleboost.ch\/gutschein\/#breadcrumb","itemListElement":[{"@type":"ListItem","position":1,"name":"Startseite","item":"https:\/\/muscleboost.ch\/"},{"@type":"ListItem","position":2,"name":"Gutschein"}]},{"@type":"WebSite","@id":"https:\/\/muscleboost.ch\/#website","url":"https:\/\/muscleboost.ch\/","name":"MuscleBoost","description":"Dein Online Shop f\u00fcr hochwertige Fitness-Nahrungserg\u00e4nzungsmittel, die dir helfen, Muskeln und Kraft aufzubauen.","publisher":{"@id":"https:\/\/muscleboost.ch\/#organization"},"potentialAction":[{"@type":"SearchAction","target":{"@type":"EntryPoint","urlTemplate":"https:\/\/muscleboost.ch\/?s={search_term_string}"},"query-input":"required name=search_term_string"}],"inLanguage":"it-IT"},{"@type":"Organization","@id":"https:\/\/muscleboost.ch\/#organization","name":"Muscleboost","url":"https:\/\/muscleboost.ch\/","logo":{"@type":"ImageObject","inLanguage":"it-IT","@id":"https:\/\/muscleboost.ch\/#\/schema\/logo\/image\/","url":"https:\/\/muscleboost.ch\/wp-content\/uploads\/2023\/04\/logo_meta.png","contentUrl":"https:\/\/muscleboost.ch\/wp-content\/uploads\/2023\/04\/logo_meta.png","width":1200,"height":627,"caption":"Muscleboost"},"image":{"@id":"https:\/\/muscleboost.ch\/#\/schema\/logo\/image\/"},"sameAs":["https:\/\/www.instagram.com\/muscleboost.ch"]}]}},"_links":{"self":[{"href":"https:\/\/muscleboost.ch\/it\/wp-json\/wp\/v2\/pages\/585","targetHints":{"allow":["GET"]}}],"collection":[{"href":"https:\/\/muscleboost.ch\/it\/wp-json\/wp\/v2\/pages"}],"about":[{"href":"https:\/\/muscleboost.ch\/it\/wp-json\/wp\/v2\/types\/page"}],"author":[{"embeddable":true,"href":"https:\/\/muscleboost.ch\/it\/wp-json\/wp\/v2\/users\/1"}],"replies":[{"embeddable":true,"href":"https:\/\/muscleboost.ch\/it\/wp-json\/wp\/v2\/comments?post=585"}],"version-history":[{"count":6,"href":"https:\/\/muscleboost.ch\/it\/wp-json\/wp\/v2\/pages\/585\/revisions"}],"predecessor-version":[{"id":15622,"href":"https:\/\/muscleboost.ch\/it\/wp-json\/wp\/v2\/pages\/585\/revisions\/15622"}],"wp:attachment":[{"href":"https:\/\/muscleboost.ch\/it\/wp-json\/wp\/v2\/media?parent=585"}],"curies":[{"name":"wp","href":"https:\/\/api.w.org\/{rel}","templated":true}]}}