{"id":18,"date":"2023-03-28T17:53:22","date_gmt":"2023-03-28T17:53:22","guid":{"rendered":"https:\/\/muscleboost.ch\/?page_id=18"},"modified":"2023-04-25T21:26:37","modified_gmt":"2023-04-25T19:26:37","slug":"rueckerstattung_rueckgaben","status":"publish","type":"page","link":"https:\/\/muscleboost.ch\/it\/rueckerstattung_rueckgaben\/","title":{"rendered":"Restituzioni"},"content":{"rendered":"<div data-elementor-type=\"wp-page\" data-elementor-id=\"18\" class=\"elementor elementor-18\" data-elementor-post-type=\"page\">\n\t\t\t\t\t\t\t\t\t<section class=\"elementor-section elementor-top-section elementor-element elementor-element-2afb318 elementor-section-boxed elementor-section-height-default elementor-section-height-default\" data-id=\"2afb318\" data-element_type=\"section\">\n\t\t\t\t\t\t<div class=\"elementor-container elementor-column-gap-default\">\n\t\t\t\t\t<div class=\"elementor-column elementor-col-100 elementor-top-column elementor-element elementor-element-6d02d90\" data-id=\"6d02d90\" data-element_type=\"column\">\n\t\t\t<div class=\"elementor-widget-wrap elementor-element-populated\">\n\t\t\t\t\t\t\t\t<div class=\"elementor-element elementor-element-9a611d1 elementor-widget elementor-widget-text-editor\" data-id=\"9a611d1\" data-element_type=\"widget\" data-widget_type=\"text-editor.default\">\n\t\t\t\t<div class=\"elementor-widget-container\">\n\t\t\t<style>\/*! elementor - v3.16.0 - 17-10-2023 *\/\n.elementor-widget-text-editor.elementor-drop-cap-view-stacked .elementor-drop-cap{background-color:#69727d;color:#fff}.elementor-widget-text-editor.elementor-drop-cap-view-framed .elementor-drop-cap{color:#69727d;border:3px solid;background-color:transparent}.elementor-widget-text-editor:not(.elementor-drop-cap-view-default) .elementor-drop-cap{margin-top:8px}.elementor-widget-text-editor:not(.elementor-drop-cap-view-default) .elementor-drop-cap-letter{width:1em;height:1em}.elementor-widget-text-editor .elementor-drop-cap{float:left;text-align:center;line-height:1;font-size:50px}.elementor-widget-text-editor .elementor-drop-cap-letter{display:inline-block}<\/style>\t\t\t\t<p>Entro 14 giorni dal ricevimento, \u00e8 possibile restituire gli articoli in modo semplice e comodo,\u00a0<b>generalmente a proprie spese<\/b>restituire l'articolo. Dopo questo periodo, la restituzione non \u00e8 pi\u00f9 possibile. In caso di difetti o di consegna errata del prodotto, causati dalla consegna o dalla nostra logistica, il prodotto pu\u00f2 essere restituito.\u00a0<b>restituito gratuitamente<\/b>\u00a0diventare.<br \/><br \/><b>Si prega di notare che in genere non possiamo ritirare alimenti \/ integratori a causa della sicurezza alimentare, i resi sono principalmente articoli di moda e accessori.<\/b><\/p>\n<p>Rimborseremo l'importo dell'acquisto entro 14 giorni dalla ricezione del pacco.<\/p>\t\t\t\t\t\t<\/div>\n\t\t\t\t<\/div>\n\t\t\t\t\t<\/div>\n\t\t<\/div>\n\t\t\t\t\t\t\t<\/div>\n\t\t<\/section>\n\t\t\t\t\t\t\t<\/div>","protected":false},"excerpt":{"rendered":"<p>Innerhalb von 14 Tagen nach Erhalt kannst du Artikel bequem und unkompliziert,\u00a0generell auf eigene Kosten, wieder zur\u00fcckschicken. Nach Ablauf dieser Frist ist eine R\u00fccksendung nicht mehr m\u00f6glich. Bei einem Defekt oder einer Falschlieferung des Produkts, verursacht durch die Lieferung oder durch unsere Logistik, so kann das Produkt\u00a0gratis retourniert\u00a0werden. Bitte beachte, dass wir auf Grund der [&hellip;]<\/p>","protected":false},"author":1,"featured_media":0,"parent":0,"menu_order":0,"comment_status":"closed","ping_status":"closed","template":"","meta":{"footnotes":""},"class_list":["post-18","page","type-page","status-publish","hentry"],"yoast_head":"<!-- This site is optimized with the Yoast SEO plugin v22.3 - https:\/\/yoast.com\/wordpress\/plugins\/seo\/ -->\n<title>Retouren - MuscleBoost<\/title>\n<meta name=\"robots\" content=\"index, follow, max-snippet:-1, max-image-preview:large, max-video-preview:-1\" \/>\n<link rel=\"canonical\" href=\"https:\/\/muscleboost.ch\/it\/rueckerstattung_rueckgaben\/\" \/>\n<meta property=\"og:locale\" content=\"it_IT\" \/>\n<meta property=\"og:type\" content=\"article\" \/>\n<meta property=\"og:title\" content=\"Retouren - MuscleBoost\" \/>\n<meta property=\"og:description\" content=\"Innerhalb von 14 Tagen nach Erhalt kannst du Artikel bequem und unkompliziert,\u00a0generell auf eigene Kosten, wieder zur\u00fcckschicken. Nach Ablauf dieser Frist ist eine R\u00fccksendung nicht mehr m\u00f6glich. Bei einem Defekt oder einer Falschlieferung des Produkts, verursacht durch die Lieferung oder durch unsere Logistik, so kann das Produkt\u00a0gratis retourniert\u00a0werden. Bitte beachte, dass wir auf Grund der [&hellip;]\" \/>\n<meta property=\"og:url\" content=\"https:\/\/muscleboost.ch\/it\/rueckerstattung_rueckgaben\/\" \/>\n<meta property=\"og:site_name\" content=\"MuscleBoost\" \/>\n<meta property=\"article:modified_time\" content=\"2023-04-25T19:26:37+00:00\" \/>\n<meta property=\"og:image\" content=\"https:\/\/muscleboost.ch\/wp-content\/uploads\/2023\/04\/logo_meta.png\" \/>\n\t<meta property=\"og:image:width\" content=\"1200\" \/>\n\t<meta property=\"og:image:height\" content=\"627\" \/>\n\t<meta property=\"og:image:type\" content=\"image\/png\" \/>\n<meta name=\"twitter:card\" content=\"summary_large_image\" \/>\n<meta name=\"twitter:label1\" content=\"Tempo di lettura stimato\" \/>\n\t<meta name=\"twitter:data1\" content=\"1 minuto\" \/>\n<script type=\"application\/ld+json\" class=\"yoast-schema-graph\">{\"@context\":\"https:\/\/schema.org\",\"@graph\":[{\"@type\":\"WebPage\",\"@id\":\"https:\/\/muscleboost.ch\/rueckerstattung_rueckgaben\/\",\"url\":\"https:\/\/muscleboost.ch\/rueckerstattung_rueckgaben\/\",\"name\":\"Retouren - MuscleBoost\",\"isPartOf\":{\"@id\":\"https:\/\/muscleboost.ch\/#website\"},\"datePublished\":\"2023-03-28T17:53:22+00:00\",\"dateModified\":\"2023-04-25T19:26:37+00:00\",\"breadcrumb\":{\"@id\":\"https:\/\/muscleboost.ch\/rueckerstattung_rueckgaben\/#breadcrumb\"},\"inLanguage\":\"it-IT\",\"potentialAction\":[{\"@type\":\"ReadAction\",\"target\":[\"https:\/\/muscleboost.ch\/rueckerstattung_rueckgaben\/\"]}]},{\"@type\":\"BreadcrumbList\",\"@id\":\"https:\/\/muscleboost.ch\/rueckerstattung_rueckgaben\/#breadcrumb\",\"itemListElement\":[{\"@type\":\"ListItem\",\"position\":1,\"name\":\"Startseite\",\"item\":\"https:\/\/muscleboost.ch\/\"},{\"@type\":\"ListItem\",\"position\":2,\"name\":\"Retouren\"}]},{\"@type\":\"WebSite\",\"@id\":\"https:\/\/muscleboost.ch\/#website\",\"url\":\"https:\/\/muscleboost.ch\/\",\"name\":\"MuscleBoost\",\"description\":\"Dein Online Shop f\u00fcr hochwertige Fitness-Nahrungserg\u00e4nzungsmittel, die dir helfen, Muskeln und Kraft aufzubauen.\",\"publisher\":{\"@id\":\"https:\/\/muscleboost.ch\/#organization\"},\"potentialAction\":[{\"@type\":\"SearchAction\",\"target\":{\"@type\":\"EntryPoint\",\"urlTemplate\":\"https:\/\/muscleboost.ch\/?s={search_term_string}\"},\"query-input\":\"required name=search_term_string\"}],\"inLanguage\":\"it-IT\"},{\"@type\":\"Organization\",\"@id\":\"https:\/\/muscleboost.ch\/#organization\",\"name\":\"Muscleboost\",\"url\":\"https:\/\/muscleboost.ch\/\",\"logo\":{\"@type\":\"ImageObject\",\"inLanguage\":\"it-IT\",\"@id\":\"https:\/\/muscleboost.ch\/#\/schema\/logo\/image\/\",\"url\":\"https:\/\/muscleboost.ch\/wp-content\/uploads\/2023\/04\/logo_meta.png\",\"contentUrl\":\"https:\/\/muscleboost.ch\/wp-content\/uploads\/2023\/04\/logo_meta.png\",\"width\":1200,\"height\":627,\"caption\":\"Muscleboost\"},\"image\":{\"@id\":\"https:\/\/muscleboost.ch\/#\/schema\/logo\/image\/\"},\"sameAs\":[\"https:\/\/www.instagram.com\/muscleboost.ch\"]}]}<\/script>\n<!-- \/ Yoast SEO plugin. -->","yoast_head_json":{"title":"Retouren - MuscleBoost","robots":{"index":"index","follow":"follow","max-snippet":"max-snippet:-1","max-image-preview":"max-image-preview:large","max-video-preview":"max-video-preview:-1"},"canonical":"https:\/\/muscleboost.ch\/it\/rueckerstattung_rueckgaben\/","og_locale":"it_IT","og_type":"article","og_title":"Retouren - MuscleBoost","og_description":"Innerhalb von 14 Tagen nach Erhalt kannst du Artikel bequem und unkompliziert,\u00a0generell auf eigene Kosten, wieder zur\u00fcckschicken. Nach Ablauf dieser Frist ist eine R\u00fccksendung nicht mehr m\u00f6glich. Bei einem Defekt oder einer Falschlieferung des Produkts, verursacht durch die Lieferung oder durch unsere Logistik, so kann das Produkt\u00a0gratis retourniert\u00a0werden. Bitte beachte, dass wir auf Grund der [&hellip;]","og_url":"https:\/\/muscleboost.ch\/it\/rueckerstattung_rueckgaben\/","og_site_name":"MuscleBoost","article_modified_time":"2023-04-25T19:26:37+00:00","og_image":[{"width":1200,"height":627,"url":"https:\/\/muscleboost.ch\/wp-content\/uploads\/2023\/04\/logo_meta.png","type":"image\/png"}],"twitter_card":"summary_large_image","twitter_misc":{"Tempo di lettura stimato":"1 minuto"},"schema":{"@context":"https:\/\/schema.org","@graph":[{"@type":"WebPage","@id":"https:\/\/muscleboost.ch\/rueckerstattung_rueckgaben\/","url":"https:\/\/muscleboost.ch\/rueckerstattung_rueckgaben\/","name":"Retouren - MuscleBoost","isPartOf":{"@id":"https:\/\/muscleboost.ch\/#website"},"datePublished":"2023-03-28T17:53:22+00:00","dateModified":"2023-04-25T19:26:37+00:00","breadcrumb":{"@id":"https:\/\/muscleboost.ch\/rueckerstattung_rueckgaben\/#breadcrumb"},"inLanguage":"it-IT","potentialAction":[{"@type":"ReadAction","target":["https:\/\/muscleboost.ch\/rueckerstattung_rueckgaben\/"]}]},{"@type":"BreadcrumbList","@id":"https:\/\/muscleboost.ch\/rueckerstattung_rueckgaben\/#breadcrumb","itemListElement":[{"@type":"ListItem","position":1,"name":"Startseite","item":"https:\/\/muscleboost.ch\/"},{"@type":"ListItem","position":2,"name":"Retouren"}]},{"@type":"WebSite","@id":"https:\/\/muscleboost.ch\/#website","url":"https:\/\/muscleboost.ch\/","name":"MuscleBoost","description":"Dein Online Shop f\u00fcr hochwertige Fitness-Nahrungserg\u00e4nzungsmittel, die dir helfen, Muskeln und Kraft aufzubauen.","publisher":{"@id":"https:\/\/muscleboost.ch\/#organization"},"potentialAction":[{"@type":"SearchAction","target":{"@type":"EntryPoint","urlTemplate":"https:\/\/muscleboost.ch\/?s={search_term_string}"},"query-input":"required name=search_term_string"}],"inLanguage":"it-IT"},{"@type":"Organization","@id":"https:\/\/muscleboost.ch\/#organization","name":"Muscleboost","url":"https:\/\/muscleboost.ch\/","logo":{"@type":"ImageObject","inLanguage":"it-IT","@id":"https:\/\/muscleboost.ch\/#\/schema\/logo\/image\/","url":"https:\/\/muscleboost.ch\/wp-content\/uploads\/2023\/04\/logo_meta.png","contentUrl":"https:\/\/muscleboost.ch\/wp-content\/uploads\/2023\/04\/logo_meta.png","width":1200,"height":627,"caption":"Muscleboost"},"image":{"@id":"https:\/\/muscleboost.ch\/#\/schema\/logo\/image\/"},"sameAs":["https:\/\/www.instagram.com\/muscleboost.ch"]}]}},"_links":{"self":[{"href":"https:\/\/muscleboost.ch\/it\/wp-json\/wp\/v2\/pages\/18","targetHints":{"allow":["GET"]}}],"collection":[{"href":"https:\/\/muscleboost.ch\/it\/wp-json\/wp\/v2\/pages"}],"about":[{"href":"https:\/\/muscleboost.ch\/it\/wp-json\/wp\/v2\/types\/page"}],"author":[{"embeddable":true,"href":"https:\/\/muscleboost.ch\/it\/wp-json\/wp\/v2\/users\/1"}],"replies":[{"embeddable":true,"href":"https:\/\/muscleboost.ch\/it\/wp-json\/wp\/v2\/comments?post=18"}],"version-history":[{"count":3,"href":"https:\/\/muscleboost.ch\/it\/wp-json\/wp\/v2\/pages\/18\/revisions"}],"predecessor-version":[{"id":15637,"href":"https:\/\/muscleboost.ch\/it\/wp-json\/wp\/v2\/pages\/18\/revisions\/15637"}],"wp:attachment":[{"href":"https:\/\/muscleboost.ch\/it\/wp-json\/wp\/v2\/media?parent=18"}],"curies":[{"name":"wp","href":"https:\/\/api.w.org\/{rel}","templated":true}]}}