{"id":585,"date":"2023-04-01T13:21:36","date_gmt":"2023-04-01T13:21:36","guid":{"rendered":"https:\/\/muscleboost.ch\/?page_id=585"},"modified":"2023-04-25T20:12:41","modified_gmt":"2023-04-25T18:12:41","slug":"gutschein","status":"publish","type":"page","link":"https:\/\/muscleboost.ch\/fr\/gutschein\/","title":{"rendered":"Bon d'achat"},"content":{"rendered":"<div data-elementor-type=\"wp-page\" data-elementor-id=\"585\" class=\"elementor elementor-585\" data-elementor-post-type=\"page\">\n\t\t\t\t\t\t\t\t\t<section class=\"elementor-section elementor-top-section elementor-element elementor-element-2db16d5 elementor-section-boxed elementor-section-height-default elementor-section-height-default\" data-id=\"2db16d5\" data-element_type=\"section\">\n\t\t\t\t\t\t<div class=\"elementor-container elementor-column-gap-default\">\n\t\t\t\t\t<div class=\"elementor-column elementor-col-100 elementor-top-column elementor-element elementor-element-e11a789\" data-id=\"e11a789\" data-element_type=\"column\">\n\t\t\t<div class=\"elementor-widget-wrap elementor-element-populated\">\n\t\t\t\t\t\t\t\t<div class=\"elementor-element elementor-element-9c3602a elementor-widget elementor-widget-text-editor\" data-id=\"9c3602a\" data-element_type=\"widget\" data-widget_type=\"text-editor.default\">\n\t\t\t\t<div class=\"elementor-widget-container\">\n\t\t\t<style>\/*! elementor - v3.16.0 - 17-10-2023 *\/\n.elementor-widget-text-editor.elementor-drop-cap-view-stacked .elementor-drop-cap{background-color:#69727d;color:#fff}.elementor-widget-text-editor.elementor-drop-cap-view-framed .elementor-drop-cap{color:#69727d;border:3px solid;background-color:transparent}.elementor-widget-text-editor:not(.elementor-drop-cap-view-default) .elementor-drop-cap{margin-top:8px}.elementor-widget-text-editor:not(.elementor-drop-cap-view-default) .elementor-drop-cap-letter{width:1em;height:1em}.elementor-widget-text-editor .elementor-drop-cap{float:left;text-align:center;line-height:1;font-size:50px}.elementor-widget-text-editor .elementor-drop-cap-letter{display:inline-block}<\/style>\t\t\t\tTu cherches le cadeau parfait pour le passionn\u00e9 de fitness dans ta vie ? Alors les cartes-cadeaux MuscleBoost sont exactement ce qu'il te faut ! Offre de la force et de la puissance avec nos produits de fitness de haute qualit\u00e9 qui contribuent \u00e0 la construction musculaire, \u00e0 l'augmentation de l'\u00e9nergie et \u00e0 l'am\u00e9lioration des performances g\u00e9n\u00e9rales.\t\t\t\t\t\t<\/div>\n\t\t\t\t<\/div>\n\t\t\t\t<div class=\"elementor-element elementor-element-7c3be63 elementor-widget elementor-widget-text-editor\" data-id=\"7c3be63\" data-element_type=\"widget\" data-widget_type=\"text-editor.default\">\n\t\t\t\t<div class=\"elementor-widget-container\">\n\t\t\t\t\t\t\t<p>Nos cartes cadeaux sont disponibles en diff\u00e9rentes valeurs, ce qui permet de r\u00e9pondre \u00e0 tous les budgets. Et gr\u00e2ce \u00e0 notre syst\u00e8me de commande en ligne simple et rapide, tu peux acheter un ch\u00e8que-cadeau et le faire livrer directement \u00e0 son destinataire en quelques minutes.<\/p>\t\t\t\t\t\t<\/div>\n\t\t\t\t<\/div>\n\t\t\t\t<div class=\"elementor-element elementor-element-13b1c80 elementor-widget elementor-widget-text-editor\" data-id=\"13b1c80\" data-element_type=\"widget\" data-widget_type=\"text-editor.default\">\n\t\t\t\t<div class=\"elementor-widget-container\">\n\t\t\t\t\t\t\t<p>Avec un ch\u00e8que-cadeau MuscleBoost, le b\u00e9n\u00e9ficiaire peut choisir parmi notre large gamme de compl\u00e9ments alimentaires, y compris les pr\u00e9-entra\u00eenements, les prot\u00e9ines en poudre et bien plus encore. Et comme tous nos produits sont scientifiquement fond\u00e9s et fabriqu\u00e9s avec des ingr\u00e9dients de la plus haute qualit\u00e9, tu peux \u00eatre s\u00fbr d'obtenir les meilleurs produits du secteur.<\/p>\t\t\t\t\t\t<\/div>\n\t\t\t\t<\/div>\n\t\t\t\t<div class=\"elementor-element elementor-element-3036612 elementor-widget elementor-widget-text-editor\" data-id=\"3036612\" data-element_type=\"widget\" data-widget_type=\"text-editor.default\">\n\t\t\t\t<div class=\"elementor-widget-container\">\n\t\t\t\t\t\t\t<p>Que ce soit pour un anniversaire, pour les f\u00eates ou simplement pour le plaisir, offre d\u00e8s aujourd'hui force et puissance avec un ch\u00e8que-cadeau MuscleBoost !<\/p>\t\t\t\t\t\t<\/div>\n\t\t\t\t<\/div>\n\t\t\t\t<div class=\"elementor-element elementor-element-acd85b1 elementor-align-center elementor-widget elementor-widget-button\" data-id=\"acd85b1\" data-element_type=\"widget\" data-widget_type=\"button.default\">\n\t\t\t\t<div class=\"elementor-widget-container\">\n\t\t\t\t\t<div class=\"elementor-button-wrapper\">\n\t\t\t<a class=\"elementor-button elementor-button-link elementor-size-lg\" href=\"https:\/\/muscleboost.ch\/fr\/categorie-produit\/gutscheine\/\">\n\t\t\t\t\t\t<span class=\"elementor-button-content-wrapper\">\n\t\t\t\t\t\t<span class=\"elementor-button-text\">Cliquez ici pour acc\u00e9der aux bons d'achat<\/span>\n\t\t<\/span>\n\t\t\t\t\t<\/a>\n\t\t<\/div>\n\t\t\t\t<\/div>\n\t\t\t\t<\/div>\n\t\t\t\t\t<\/div>\n\t\t<\/div>\n\t\t\t\t\t\t\t<\/div>\n\t\t<\/section>\n\t\t\t\t\t\t\t<\/div>","protected":false},"excerpt":{"rendered":"<p>Du suchst das perfekte Geschenk f\u00fcr den Fitness-Enthusiasten in deinem Leben? Dann sind die MuscleBoost-Geschenkkarten genau das Richtige! Verschenke Kraft und Power mit unseren hochwertigen Fitnessprodukten, die zum Muskelaufbau, zur Steigerung der Energie und zur Verbesserung der allgemeinen Leistungsf\u00e4higkeit beitragen. Unsere Geschenkkarten sind in verschiedenen Werten erh\u00e4ltlich, so dass f\u00fcr jedes Budget das Richtige dabei [&hellip;]<\/p>","protected":false},"author":1,"featured_media":0,"parent":0,"menu_order":0,"comment_status":"closed","ping_status":"closed","template":"","meta":{"footnotes":""},"class_list":["post-585","page","type-page","status-publish","hentry"],"yoast_head":"<!-- This site is optimized with the Yoast SEO plugin v22.3 - https:\/\/yoast.com\/wordpress\/plugins\/seo\/ -->\n<title>Gutschein - MuscleBoost<\/title>\n<meta name=\"robots\" content=\"index, follow, max-snippet:-1, max-image-preview:large, max-video-preview:-1\" \/>\n<link rel=\"canonical\" href=\"https:\/\/muscleboost.ch\/fr\/gutschein\/\" \/>\n<meta property=\"og:locale\" content=\"fr_FR\" \/>\n<meta property=\"og:type\" content=\"article\" \/>\n<meta property=\"og:title\" content=\"Gutschein - MuscleBoost\" \/>\n<meta property=\"og:description\" content=\"Du suchst das perfekte Geschenk f\u00fcr den Fitness-Enthusiasten in deinem Leben? Dann sind die MuscleBoost-Geschenkkarten genau das Richtige! Verschenke Kraft und Power mit unseren hochwertigen Fitnessprodukten, die zum Muskelaufbau, zur Steigerung der Energie und zur Verbesserung der allgemeinen Leistungsf\u00e4higkeit beitragen. Unsere Geschenkkarten sind in verschiedenen Werten erh\u00e4ltlich, so dass f\u00fcr jedes Budget das Richtige dabei [&hellip;]\" \/>\n<meta property=\"og:url\" content=\"https:\/\/muscleboost.ch\/fr\/gutschein\/\" \/>\n<meta property=\"og:site_name\" content=\"MuscleBoost\" \/>\n<meta property=\"article:modified_time\" content=\"2023-04-25T18:12:41+00:00\" \/>\n<meta property=\"og:image\" content=\"https:\/\/muscleboost.ch\/wp-content\/uploads\/2023\/04\/logo_meta.png\" \/>\n\t<meta property=\"og:image:width\" content=\"1200\" \/>\n\t<meta property=\"og:image:height\" content=\"627\" \/>\n\t<meta property=\"og:image:type\" content=\"image\/png\" \/>\n<meta name=\"twitter:card\" content=\"summary_large_image\" \/>\n<meta name=\"twitter:label1\" content=\"Dur\u00e9e de lecture estim\u00e9e\" \/>\n\t<meta name=\"twitter:data1\" content=\"1 minute\" \/>\n<script type=\"application\/ld+json\" class=\"yoast-schema-graph\">{\"@context\":\"https:\/\/schema.org\",\"@graph\":[{\"@type\":\"WebPage\",\"@id\":\"https:\/\/muscleboost.ch\/gutschein\/\",\"url\":\"https:\/\/muscleboost.ch\/gutschein\/\",\"name\":\"Gutschein - MuscleBoost\",\"isPartOf\":{\"@id\":\"https:\/\/muscleboost.ch\/#website\"},\"datePublished\":\"2023-04-01T13:21:36+00:00\",\"dateModified\":\"2023-04-25T18:12:41+00:00\",\"breadcrumb\":{\"@id\":\"https:\/\/muscleboost.ch\/gutschein\/#breadcrumb\"},\"inLanguage\":\"fr-FR\",\"potentialAction\":[{\"@type\":\"ReadAction\",\"target\":[\"https:\/\/muscleboost.ch\/gutschein\/\"]}]},{\"@type\":\"BreadcrumbList\",\"@id\":\"https:\/\/muscleboost.ch\/gutschein\/#breadcrumb\",\"itemListElement\":[{\"@type\":\"ListItem\",\"position\":1,\"name\":\"Startseite\",\"item\":\"https:\/\/muscleboost.ch\/\"},{\"@type\":\"ListItem\",\"position\":2,\"name\":\"Gutschein\"}]},{\"@type\":\"WebSite\",\"@id\":\"https:\/\/muscleboost.ch\/#website\",\"url\":\"https:\/\/muscleboost.ch\/\",\"name\":\"MuscleBoost\",\"description\":\"Dein Online Shop f\u00fcr hochwertige Fitness-Nahrungserg\u00e4nzungsmittel, die dir helfen, Muskeln und Kraft aufzubauen.\",\"publisher\":{\"@id\":\"https:\/\/muscleboost.ch\/#organization\"},\"potentialAction\":[{\"@type\":\"SearchAction\",\"target\":{\"@type\":\"EntryPoint\",\"urlTemplate\":\"https:\/\/muscleboost.ch\/?s={search_term_string}\"},\"query-input\":\"required name=search_term_string\"}],\"inLanguage\":\"fr-FR\"},{\"@type\":\"Organization\",\"@id\":\"https:\/\/muscleboost.ch\/#organization\",\"name\":\"Muscleboost\",\"url\":\"https:\/\/muscleboost.ch\/\",\"logo\":{\"@type\":\"ImageObject\",\"inLanguage\":\"fr-FR\",\"@id\":\"https:\/\/muscleboost.ch\/#\/schema\/logo\/image\/\",\"url\":\"https:\/\/muscleboost.ch\/wp-content\/uploads\/2023\/04\/logo_meta.png\",\"contentUrl\":\"https:\/\/muscleboost.ch\/wp-content\/uploads\/2023\/04\/logo_meta.png\",\"width\":1200,\"height\":627,\"caption\":\"Muscleboost\"},\"image\":{\"@id\":\"https:\/\/muscleboost.ch\/#\/schema\/logo\/image\/\"},\"sameAs\":[\"https:\/\/www.instagram.com\/muscleboost.ch\"]}]}<\/script>\n<!-- \/ Yoast SEO plugin. -->","yoast_head_json":{"title":"Gutschein - MuscleBoost","robots":{"index":"index","follow":"follow","max-snippet":"max-snippet:-1","max-image-preview":"max-image-preview:large","max-video-preview":"max-video-preview:-1"},"canonical":"https:\/\/muscleboost.ch\/fr\/gutschein\/","og_locale":"fr_FR","og_type":"article","og_title":"Gutschein - MuscleBoost","og_description":"Du suchst das perfekte Geschenk f\u00fcr den Fitness-Enthusiasten in deinem Leben? Dann sind die MuscleBoost-Geschenkkarten genau das Richtige! Verschenke Kraft und Power mit unseren hochwertigen Fitnessprodukten, die zum Muskelaufbau, zur Steigerung der Energie und zur Verbesserung der allgemeinen Leistungsf\u00e4higkeit beitragen. Unsere Geschenkkarten sind in verschiedenen Werten erh\u00e4ltlich, so dass f\u00fcr jedes Budget das Richtige dabei [&hellip;]","og_url":"https:\/\/muscleboost.ch\/fr\/gutschein\/","og_site_name":"MuscleBoost","article_modified_time":"2023-04-25T18:12:41+00:00","og_image":[{"width":1200,"height":627,"url":"https:\/\/muscleboost.ch\/wp-content\/uploads\/2023\/04\/logo_meta.png","type":"image\/png"}],"twitter_card":"summary_large_image","twitter_misc":{"Dur\u00e9e de lecture estim\u00e9e":"1 minute"},"schema":{"@context":"https:\/\/schema.org","@graph":[{"@type":"WebPage","@id":"https:\/\/muscleboost.ch\/gutschein\/","url":"https:\/\/muscleboost.ch\/gutschein\/","name":"Gutschein - MuscleBoost","isPartOf":{"@id":"https:\/\/muscleboost.ch\/#website"},"datePublished":"2023-04-01T13:21:36+00:00","dateModified":"2023-04-25T18:12:41+00:00","breadcrumb":{"@id":"https:\/\/muscleboost.ch\/gutschein\/#breadcrumb"},"inLanguage":"fr-FR","potentialAction":[{"@type":"ReadAction","target":["https:\/\/muscleboost.ch\/gutschein\/"]}]},{"@type":"BreadcrumbList","@id":"https:\/\/muscleboost.ch\/gutschein\/#breadcrumb","itemListElement":[{"@type":"ListItem","position":1,"name":"Startseite","item":"https:\/\/muscleboost.ch\/"},{"@type":"ListItem","position":2,"name":"Gutschein"}]},{"@type":"WebSite","@id":"https:\/\/muscleboost.ch\/#website","url":"https:\/\/muscleboost.ch\/","name":"MuscleBoost","description":"Dein Online Shop f\u00fcr hochwertige Fitness-Nahrungserg\u00e4nzungsmittel, die dir helfen, Muskeln und Kraft aufzubauen.","publisher":{"@id":"https:\/\/muscleboost.ch\/#organization"},"potentialAction":[{"@type":"SearchAction","target":{"@type":"EntryPoint","urlTemplate":"https:\/\/muscleboost.ch\/?s={search_term_string}"},"query-input":"required name=search_term_string"}],"inLanguage":"fr-FR"},{"@type":"Organization","@id":"https:\/\/muscleboost.ch\/#organization","name":"Muscleboost","url":"https:\/\/muscleboost.ch\/","logo":{"@type":"ImageObject","inLanguage":"fr-FR","@id":"https:\/\/muscleboost.ch\/#\/schema\/logo\/image\/","url":"https:\/\/muscleboost.ch\/wp-content\/uploads\/2023\/04\/logo_meta.png","contentUrl":"https:\/\/muscleboost.ch\/wp-content\/uploads\/2023\/04\/logo_meta.png","width":1200,"height":627,"caption":"Muscleboost"},"image":{"@id":"https:\/\/muscleboost.ch\/#\/schema\/logo\/image\/"},"sameAs":["https:\/\/www.instagram.com\/muscleboost.ch"]}]}},"_links":{"self":[{"href":"https:\/\/muscleboost.ch\/fr\/wp-json\/wp\/v2\/pages\/585","targetHints":{"allow":["GET"]}}],"collection":[{"href":"https:\/\/muscleboost.ch\/fr\/wp-json\/wp\/v2\/pages"}],"about":[{"href":"https:\/\/muscleboost.ch\/fr\/wp-json\/wp\/v2\/types\/page"}],"author":[{"embeddable":true,"href":"https:\/\/muscleboost.ch\/fr\/wp-json\/wp\/v2\/users\/1"}],"replies":[{"embeddable":true,"href":"https:\/\/muscleboost.ch\/fr\/wp-json\/wp\/v2\/comments?post=585"}],"version-history":[{"count":6,"href":"https:\/\/muscleboost.ch\/fr\/wp-json\/wp\/v2\/pages\/585\/revisions"}],"predecessor-version":[{"id":15622,"href":"https:\/\/muscleboost.ch\/fr\/wp-json\/wp\/v2\/pages\/585\/revisions\/15622"}],"wp:attachment":[{"href":"https:\/\/muscleboost.ch\/fr\/wp-json\/wp\/v2\/media?parent=585"}],"curies":[{"name":"wp","href":"https:\/\/api.w.org\/{rel}","templated":true}]}}