{"id":364,"date":"2023-03-30T13:24:51","date_gmt":"2023-03-30T13:24:51","guid":{"rendered":"https:\/\/muscleboost.ch\/?page_id=364"},"modified":"2023-09-22T13:44:55","modified_gmt":"2023-09-22T11:44:55","slug":"agb","status":"publish","type":"page","link":"https:\/\/muscleboost.ch\/fr\/agb\/","title":{"rendered":"CONDITIONS G\u00c9N\u00c9RALES DE VENTE"},"content":{"rendered":"<div data-elementor-type=\"wp-page\" data-elementor-id=\"364\" class=\"elementor elementor-364\" data-elementor-post-type=\"page\">\n\t\t\t\t\t\t\t\t\t<section class=\"elementor-section elementor-top-section elementor-element elementor-element-ff86d19 elementor-section-boxed elementor-section-height-default elementor-section-height-default\" data-id=\"ff86d19\" data-element_type=\"section\">\n\t\t\t\t\t\t<div class=\"elementor-container elementor-column-gap-default\">\n\t\t\t\t\t<div class=\"elementor-column elementor-col-100 elementor-top-column elementor-element elementor-element-fcf7d97\" data-id=\"fcf7d97\" data-element_type=\"column\">\n\t\t\t<div class=\"elementor-widget-wrap elementor-element-populated\">\n\t\t\t\t\t\t\t\t<section class=\"elementor-section elementor-inner-section elementor-element elementor-element-f0e502a elementor-section-boxed elementor-section-height-default elementor-section-height-default\" data-id=\"f0e502a\" data-element_type=\"section\">\n\t\t\t\t\t\t<div class=\"elementor-container elementor-column-gap-default\">\n\t\t\t\t\t<div class=\"elementor-column elementor-col-100 elementor-inner-column elementor-element elementor-element-08e1961\" data-id=\"08e1961\" data-element_type=\"column\">\n\t\t\t<div class=\"elementor-widget-wrap elementor-element-populated\">\n\t\t\t\t\t\t\t\t<div class=\"elementor-element elementor-element-526c90a elementor-widget elementor-widget-heading\" data-id=\"526c90a\" data-element_type=\"widget\" data-widget_type=\"heading.default\">\n\t\t\t\t<div class=\"elementor-widget-container\">\n\t\t\t<style>\/*! elementor - v3.16.0 - 17-10-2023 *\/\n.elementor-heading-title{padding:0;margin:0;line-height:1}.elementor-widget-heading .elementor-heading-title[class*=elementor-size-]>a{color:inherit;font-size:inherit;line-height:inherit}.elementor-widget-heading .elementor-heading-title.elementor-size-small{font-size:15px}.elementor-widget-heading .elementor-heading-title.elementor-size-medium{font-size:19px}.elementor-widget-heading .elementor-heading-title.elementor-size-large{font-size:29px}.elementor-widget-heading .elementor-heading-title.elementor-size-xl{font-size:39px}.elementor-widget-heading .elementor-heading-title.elementor-size-xxl{font-size:59px}<\/style><h3 class=\"elementor-heading-title elementor-size-default\">Conditions de livraison<\/h3>\t\t<\/div>\n\t\t\t\t<\/div>\n\t\t\t\t<div class=\"elementor-element elementor-element-3df71ae elementor-widget elementor-widget-text-editor\" data-id=\"3df71ae\" data-element_type=\"widget\" data-widget_type=\"text-editor.default\">\n\t\t\t\t<div class=\"elementor-widget-container\">\n\t\t\t<style>\/*! elementor - v3.16.0 - 17-10-2023 *\/\n.elementor-widget-text-editor.elementor-drop-cap-view-stacked .elementor-drop-cap{background-color:#69727d;color:#fff}.elementor-widget-text-editor.elementor-drop-cap-view-framed .elementor-drop-cap{color:#69727d;border:3px solid;background-color:transparent}.elementor-widget-text-editor:not(.elementor-drop-cap-view-default) .elementor-drop-cap{margin-top:8px}.elementor-widget-text-editor:not(.elementor-drop-cap-view-default) .elementor-drop-cap-letter{width:1em;height:1em}.elementor-widget-text-editor .elementor-drop-cap{float:left;text-align:center;line-height:1;font-size:50px}.elementor-widget-text-editor .elementor-drop-cap-letter{display:inline-block}<\/style>\t\t\t\t<p>Si rien d'autre n'a \u00e9t\u00e9 convenu avec le client, les conditions \u00e9nonc\u00e9es au point \"<a href=\"https:\/\/muscleboost.ch\/fr\/lieferung\/\">Livraison<\/a>Les frais de port sont indiqu\u00e9s dans le tableau \"Frais de port\". <br \/>Die Lieferung erfolgt in der Regel innert drei bis vier Werktagen nach Zahlungseingang innerhalb der Schweiz und wird an die vom Kunden angegebene Adresse geliefert.<\/p>\t\t\t\t\t\t<\/div>\n\t\t\t\t<\/div>\n\t\t\t\t\t<\/div>\n\t\t<\/div>\n\t\t\t\t\t\t\t<\/div>\n\t\t<\/section>\n\t\t\t\t\t<\/div>\n\t\t<\/div>\n\t\t\t\t\t\t\t<\/div>\n\t\t<\/section>\n\t\t\t\t<section class=\"elementor-section elementor-top-section elementor-element elementor-element-aa5e561 elementor-section-boxed elementor-section-height-default elementor-section-height-default\" data-id=\"aa5e561\" data-element_type=\"section\">\n\t\t\t\t\t\t<div class=\"elementor-container elementor-column-gap-default\">\n\t\t\t\t\t<div class=\"elementor-column elementor-col-100 elementor-top-column elementor-element elementor-element-eaad5d8\" data-id=\"eaad5d8\" data-element_type=\"column\">\n\t\t\t<div class=\"elementor-widget-wrap elementor-element-populated\">\n\t\t\t\t\t\t\t\t<section class=\"elementor-section elementor-inner-section elementor-element elementor-element-4488f61 elementor-section-boxed elementor-section-height-default elementor-section-height-default\" data-id=\"4488f61\" data-element_type=\"section\">\n\t\t\t\t\t\t<div class=\"elementor-container elementor-column-gap-default\">\n\t\t\t\t\t<div class=\"elementor-column elementor-col-100 elementor-inner-column elementor-element elementor-element-1d8e0a7\" data-id=\"1d8e0a7\" data-element_type=\"column\">\n\t\t\t<div class=\"elementor-widget-wrap elementor-element-populated\">\n\t\t\t\t\t\t\t\t<div class=\"elementor-element elementor-element-0949bc9 elementor-widget elementor-widget-heading\" data-id=\"0949bc9\" data-element_type=\"widget\" data-widget_type=\"heading.default\">\n\t\t\t\t<div class=\"elementor-widget-container\">\n\t\t\t<h3 class=\"elementor-heading-title elementor-size-default\">Conclusion du contrat<\/h3>\t\t<\/div>\n\t\t\t\t<\/div>\n\t\t\t\t<div class=\"elementor-element elementor-element-a6b4832 elementor-widget elementor-widget-text-editor\" data-id=\"a6b4832\" data-element_type=\"widget\" data-widget_type=\"text-editor.default\">\n\t\t\t\t<div class=\"elementor-widget-container\">\n\t\t\t\t\t\t\t<p>L'acheteur s'engage \u00e0 effectuer la commande dans les conditions indiqu\u00e9es sur le site. <br \/>Une \u00e9ventuelle erreur lors d'une commande doit nous \u00eatre communiqu\u00e9e imm\u00e9diatement.<\/p>\t\t\t\t\t\t<\/div>\n\t\t\t\t<\/div>\n\t\t\t\t\t<\/div>\n\t\t<\/div>\n\t\t\t\t\t\t\t<\/div>\n\t\t<\/section>\n\t\t\t\t\t<\/div>\n\t\t<\/div>\n\t\t\t\t\t\t\t<\/div>\n\t\t<\/section>\n\t\t\t\t<section class=\"elementor-section elementor-top-section elementor-element elementor-element-57250be elementor-section-boxed elementor-section-height-default elementor-section-height-default\" data-id=\"57250be\" data-element_type=\"section\">\n\t\t\t\t\t\t<div class=\"elementor-container elementor-column-gap-default\">\n\t\t\t\t\t<div class=\"elementor-column elementor-col-100 elementor-top-column elementor-element elementor-element-e3f2e45\" data-id=\"e3f2e45\" data-element_type=\"column\">\n\t\t\t<div class=\"elementor-widget-wrap elementor-element-populated\">\n\t\t\t\t\t\t\t\t<section class=\"elementor-section elementor-inner-section elementor-element elementor-element-a3de3d5 elementor-section-boxed elementor-section-height-default elementor-section-height-default\" data-id=\"a3de3d5\" data-element_type=\"section\">\n\t\t\t\t\t\t<div class=\"elementor-container elementor-column-gap-default\">\n\t\t\t\t\t<div class=\"elementor-column elementor-col-100 elementor-inner-column elementor-element elementor-element-134a404\" data-id=\"134a404\" data-element_type=\"column\">\n\t\t\t<div class=\"elementor-widget-wrap elementor-element-populated\">\n\t\t\t\t\t\t\t\t<div class=\"elementor-element elementor-element-a6d07db elementor-widget elementor-widget-heading\" data-id=\"a6d07db\" data-element_type=\"widget\" data-widget_type=\"heading.default\">\n\t\t\t\t<div class=\"elementor-widget-container\">\n\t\t\t<h3 class=\"elementor-heading-title elementor-size-default\">Droit de r\u00e9tractation<\/h3>\t\t<\/div>\n\t\t\t\t<\/div>\n\t\t\t\t<div class=\"elementor-element elementor-element-6954743 elementor-widget elementor-widget-text-editor\" data-id=\"6954743\" data-element_type=\"widget\" data-widget_type=\"text-editor.default\">\n\t\t\t\t<div class=\"elementor-widget-container\">\n\t\t\t\t\t\t\t<p>Si la marchandise livr\u00e9e est d\u00e9fectueuse ou si un retard de livraison de plus de trois semaines se produit, <br \/>sans que le client en ait \u00e9t\u00e9 pr\u00e9alablement inform\u00e9, celui-ci a le droit de r\u00e9silier le contrat de vente. <br \/>La marchandise doit \u00eatre renvoy\u00e9e, les frais de renvoi sont \u00e0 la charge du client.<\/p>\t\t\t\t\t\t<\/div>\n\t\t\t\t<\/div>\n\t\t\t\t\t<\/div>\n\t\t<\/div>\n\t\t\t\t\t\t\t<\/div>\n\t\t<\/section>\n\t\t\t\t\t<\/div>\n\t\t<\/div>\n\t\t\t\t\t\t\t<\/div>\n\t\t<\/section>\n\t\t\t\t<section class=\"elementor-section elementor-top-section elementor-element elementor-element-5e01bcc elementor-section-boxed elementor-section-height-default elementor-section-height-default\" data-id=\"5e01bcc\" data-element_type=\"section\">\n\t\t\t\t\t\t<div class=\"elementor-container elementor-column-gap-default\">\n\t\t\t\t\t<div class=\"elementor-column elementor-col-100 elementor-top-column elementor-element elementor-element-7992bbc\" data-id=\"7992bbc\" data-element_type=\"column\">\n\t\t\t<div class=\"elementor-widget-wrap elementor-element-populated\">\n\t\t\t\t\t\t\t\t<section class=\"elementor-section elementor-inner-section elementor-element elementor-element-7e47853 elementor-section-boxed elementor-section-height-default elementor-section-height-default\" data-id=\"7e47853\" data-element_type=\"section\">\n\t\t\t\t\t\t<div class=\"elementor-container elementor-column-gap-default\">\n\t\t\t\t\t<div class=\"elementor-column elementor-col-100 elementor-inner-column elementor-element elementor-element-2214c7d\" data-id=\"2214c7d\" data-element_type=\"column\">\n\t\t\t<div class=\"elementor-widget-wrap elementor-element-populated\">\n\t\t\t\t\t\t\t\t<div class=\"elementor-element elementor-element-4866ebd elementor-widget elementor-widget-heading\" data-id=\"4866ebd\" data-element_type=\"widget\" data-widget_type=\"heading.default\">\n\t\t\t\t<div class=\"elementor-widget-container\">\n\t\t\t<h3 class=\"elementor-heading-title elementor-size-default\">Offre et prix<\/h3>\t\t<\/div>\n\t\t\t\t<\/div>\n\t\t\t\t<div class=\"elementor-element elementor-element-b6fb572 elementor-widget elementor-widget-text-editor\" data-id=\"b6fb572\" data-element_type=\"widget\" data-widget_type=\"text-editor.default\">\n\t\t\t\t<div class=\"elementor-widget-container\">\n\t\t\t\t\t\t\t<p>Toutes les offres et tous les prix figurant sur le site web sont sans engagement et sans garantie. <br \/>Sous r\u00e9serve d'erreurs ou de modifications de la marchandise et des prix.<\/p><p>Frais de remboursement \u00e0 la charge du client 2 CHF<\/p><p>Les commandes d'une valeur inf\u00e9rieure \u00e0 CHF 30.00 sont ex\u00e9cut\u00e9es avec un suppl\u00e9ment de quantit\u00e9 minimale de CHF 5.90. Ce suppl\u00e9ment est factur\u00e9 afin de couvrir les frais administratifs engendr\u00e9s par ces commandes, qui ne peuvent malheureusement pas \u00eatre couverts par la marge b\u00e9n\u00e9ficiaire de l'article.<\/p>\t\t\t\t\t\t<\/div>\n\t\t\t\t<\/div>\n\t\t\t\t\t<\/div>\n\t\t<\/div>\n\t\t\t\t\t\t\t<\/div>\n\t\t<\/section>\n\t\t\t\t\t<\/div>\n\t\t<\/div>\n\t\t\t\t\t\t\t<\/div>\n\t\t<\/section>\n\t\t\t\t<section class=\"elementor-section elementor-top-section elementor-element elementor-element-0d594dd elementor-section-boxed elementor-section-height-default elementor-section-height-default\" data-id=\"0d594dd\" data-element_type=\"section\">\n\t\t\t\t\t\t<div class=\"elementor-container elementor-column-gap-default\">\n\t\t\t\t\t<div class=\"elementor-column elementor-col-100 elementor-top-column elementor-element elementor-element-b402d6d\" data-id=\"b402d6d\" data-element_type=\"column\">\n\t\t\t<div class=\"elementor-widget-wrap elementor-element-populated\">\n\t\t\t\t\t\t\t\t<section class=\"elementor-section elementor-inner-section elementor-element elementor-element-9386b79 elementor-section-boxed elementor-section-height-default elementor-section-height-default\" data-id=\"9386b79\" data-element_type=\"section\">\n\t\t\t\t\t\t<div class=\"elementor-container elementor-column-gap-default\">\n\t\t\t\t\t<div class=\"elementor-column elementor-col-100 elementor-inner-column elementor-element elementor-element-95e90b6\" data-id=\"95e90b6\" data-element_type=\"column\">\n\t\t\t<div class=\"elementor-widget-wrap elementor-element-populated\">\n\t\t\t\t\t\t\t\t<div class=\"elementor-element elementor-element-5cf8de5 elementor-widget elementor-widget-heading\" data-id=\"5cf8de5\" data-element_type=\"widget\" data-widget_type=\"heading.default\">\n\t\t\t\t<div class=\"elementor-widget-container\">\n\t\t\t<h3 class=\"elementor-heading-title elementor-size-default\">Clause de non-responsabilit\u00e9<\/h3>\t\t<\/div>\n\t\t\t\t<\/div>\n\t\t\t\t<div class=\"elementor-element elementor-element-80977e6 elementor-widget elementor-widget-text-editor\" data-id=\"80977e6\" data-element_type=\"widget\" data-widget_type=\"text-editor.default\">\n\t\t\t\t<div class=\"elementor-widget-container\">\n\t\t\t\t\t\t\t<p>Tous les produits distribu\u00e9s par Muscleboost sont soumis aux contr\u00f4les les plus stricts du fabricant concern\u00e9. <br \/>Pour cette raison, seul le fabricant concern\u00e9 est responsable de la qualit\u00e9 de ses produits.<br \/>En passant ta commande, tu confirmes que Muscleboost ne peut pas \u00eatre poursuivi pour d'\u00e9ventuelles plaintes ou complications.<\/p>\t\t\t\t\t\t<\/div>\n\t\t\t\t<\/div>\n\t\t\t\t\t<\/div>\n\t\t<\/div>\n\t\t\t\t\t\t\t<\/div>\n\t\t<\/section>\n\t\t\t\t\t<\/div>\n\t\t<\/div>\n\t\t\t\t\t\t\t<\/div>\n\t\t<\/section>\n\t\t\t\t<section class=\"elementor-section elementor-top-section elementor-element elementor-element-441ef13 elementor-section-boxed elementor-section-height-default elementor-section-height-default\" data-id=\"441ef13\" data-element_type=\"section\">\n\t\t\t\t\t\t<div class=\"elementor-container elementor-column-gap-default\">\n\t\t\t\t\t<div class=\"elementor-column elementor-col-100 elementor-top-column elementor-element elementor-element-e95e78b\" data-id=\"e95e78b\" data-element_type=\"column\">\n\t\t\t<div class=\"elementor-widget-wrap elementor-element-populated\">\n\t\t\t\t\t\t\t\t<section class=\"elementor-section elementor-inner-section elementor-element elementor-element-3785542 elementor-section-boxed elementor-section-height-default elementor-section-height-default\" data-id=\"3785542\" data-element_type=\"section\">\n\t\t\t\t\t\t<div class=\"elementor-container elementor-column-gap-default\">\n\t\t\t\t\t<div class=\"elementor-column elementor-col-100 elementor-inner-column elementor-element elementor-element-e3cea34\" data-id=\"e3cea34\" data-element_type=\"column\">\n\t\t\t<div class=\"elementor-widget-wrap elementor-element-populated\">\n\t\t\t\t\t\t\t\t<div class=\"elementor-element elementor-element-c10f3ef elementor-widget elementor-widget-heading\" data-id=\"c10f3ef\" data-element_type=\"widget\" data-widget_type=\"heading.default\">\n\t\t\t\t<div class=\"elementor-widget-container\">\n\t\t\t<h3 class=\"elementor-heading-title elementor-size-default\">Liens externes<\/h3>\t\t<\/div>\n\t\t\t\t<\/div>\n\t\t\t\t<div class=\"elementor-element elementor-element-33237dd elementor-widget elementor-widget-text-editor\" data-id=\"33237dd\" data-element_type=\"widget\" data-widget_type=\"text-editor.default\">\n\t\t\t\t<div class=\"elementor-widget-container\">\n\t\t\t\t\t\t\t<p>Muscleboost n'a aucune influence sur les informations et la conception des sites Internet li\u00e9s. <br \/>Muscleboost d\u00e9cline toute responsabilit\u00e9 en cas d'informations erron\u00e9es ou d'actes contraires \u00e0 la loi.<\/p>\t\t\t\t\t\t<\/div>\n\t\t\t\t<\/div>\n\t\t\t\t\t<\/div>\n\t\t<\/div>\n\t\t\t\t\t\t\t<\/div>\n\t\t<\/section>\n\t\t\t\t\t<\/div>\n\t\t<\/div>\n\t\t\t\t\t\t\t<\/div>\n\t\t<\/section>\n\t\t\t\t<section class=\"elementor-section elementor-top-section elementor-element elementor-element-aebf19a elementor-section-boxed elementor-section-height-default elementor-section-height-default\" data-id=\"aebf19a\" data-element_type=\"section\">\n\t\t\t\t\t\t<div class=\"elementor-container elementor-column-gap-default\">\n\t\t\t\t\t<div class=\"elementor-column elementor-col-100 elementor-top-column elementor-element elementor-element-b1e8eb7\" data-id=\"b1e8eb7\" data-element_type=\"column\">\n\t\t\t<div class=\"elementor-widget-wrap elementor-element-populated\">\n\t\t\t\t\t\t\t\t<section class=\"elementor-section elementor-inner-section elementor-element elementor-element-ebdfaa7 elementor-section-boxed elementor-section-height-default elementor-section-height-default\" data-id=\"ebdfaa7\" data-element_type=\"section\">\n\t\t\t\t\t\t<div class=\"elementor-container elementor-column-gap-default\">\n\t\t\t\t\t<div class=\"elementor-column elementor-col-100 elementor-inner-column elementor-element elementor-element-7040c37\" data-id=\"7040c37\" data-element_type=\"column\">\n\t\t\t<div class=\"elementor-widget-wrap elementor-element-populated\">\n\t\t\t\t\t\t\t\t<div class=\"elementor-element elementor-element-48e6b51 elementor-widget elementor-widget-heading\" data-id=\"48e6b51\" data-element_type=\"widget\" data-widget_type=\"heading.default\">\n\t\t\t\t<div class=\"elementor-widget-container\">\n\t\t\t<h3 class=\"elementor-heading-title elementor-size-default\">Lieu de juridiction<\/h3>\t\t<\/div>\n\t\t\t\t<\/div>\n\t\t\t\t<div class=\"elementor-element elementor-element-a1b81d4 elementor-widget elementor-widget-text-editor\" data-id=\"a1b81d4\" data-element_type=\"widget\" data-widget_type=\"text-editor.default\">\n\t\t\t\t<div class=\"elementor-widget-container\">\n\t\t\t\t\t\t\t<p>Le lieu de juridiction est 8180 B\u00fclach<\/p>\t\t\t\t\t\t<\/div>\n\t\t\t\t<\/div>\n\t\t\t\t\t<\/div>\n\t\t<\/div>\n\t\t\t\t\t\t\t<\/div>\n\t\t<\/section>\n\t\t\t\t\t<\/div>\n\t\t<\/div>\n\t\t\t\t\t\t\t<\/div>\n\t\t<\/section>\n\t\t\t\t\t\t\t<\/div>","protected":false},"excerpt":{"rendered":"<p>Lieferbedingungen Ist nichts anderes mit dem Kunden vereinbart, so gelten die unter dem Punkt \u201eLieferung\u201c aufgef\u00fchrten Versandkosten. Die Lieferung erfolgt in der Regel innert drei bis vier Werktagen nach Zahlungseingang innerhalb der Schweiz und wird an die vom Kunden angegebene Adresse geliefert. Vertragsabschluss Der K\u00e4ufer verpflichtet sich, die Bestellung zu den auf der Website angegebenen [&hellip;]<\/p>","protected":false},"author":1,"featured_media":0,"parent":0,"menu_order":0,"comment_status":"closed","ping_status":"closed","template":"","meta":{"footnotes":""},"class_list":["post-364","page","type-page","status-publish","hentry"],"yoast_head":"<!-- This site is optimized with the Yoast SEO plugin v22.3 - https:\/\/yoast.com\/wordpress\/plugins\/seo\/ -->\n<title>AGB - MuscleBoost<\/title>\n<meta name=\"robots\" content=\"index, follow, max-snippet:-1, max-image-preview:large, max-video-preview:-1\" \/>\n<link rel=\"canonical\" href=\"https:\/\/muscleboost.ch\/fr\/agb\/\" \/>\n<meta property=\"og:locale\" content=\"fr_FR\" \/>\n<meta property=\"og:type\" content=\"article\" \/>\n<meta property=\"og:title\" content=\"AGB - MuscleBoost\" \/>\n<meta property=\"og:description\" content=\"Lieferbedingungen Ist nichts anderes mit dem Kunden vereinbart, so gelten die unter dem Punkt \u201eLieferung\u201c aufgef\u00fchrten Versandkosten. Die Lieferung erfolgt in der Regel innert drei bis vier Werktagen nach Zahlungseingang innerhalb der Schweiz und wird an die vom Kunden angegebene Adresse geliefert. Vertragsabschluss Der K\u00e4ufer verpflichtet sich, die Bestellung zu den auf der Website angegebenen [&hellip;]\" \/>\n<meta property=\"og:url\" content=\"https:\/\/muscleboost.ch\/fr\/agb\/\" \/>\n<meta property=\"og:site_name\" content=\"MuscleBoost\" \/>\n<meta property=\"article:modified_time\" content=\"2023-09-22T11:44:55+00:00\" \/>\n<meta property=\"og:image\" content=\"https:\/\/muscleboost.ch\/wp-content\/uploads\/2023\/04\/logo_meta.png\" \/>\n\t<meta property=\"og:image:width\" content=\"1200\" \/>\n\t<meta property=\"og:image:height\" content=\"627\" \/>\n\t<meta property=\"og:image:type\" content=\"image\/png\" \/>\n<meta name=\"twitter:card\" content=\"summary_large_image\" \/>\n<meta name=\"twitter:label1\" content=\"Dur\u00e9e de lecture estim\u00e9e\" \/>\n\t<meta name=\"twitter:data1\" content=\"2 minutes\" \/>\n<script type=\"application\/ld+json\" class=\"yoast-schema-graph\">{\"@context\":\"https:\/\/schema.org\",\"@graph\":[{\"@type\":\"WebPage\",\"@id\":\"https:\/\/muscleboost.ch\/agb\/\",\"url\":\"https:\/\/muscleboost.ch\/agb\/\",\"name\":\"AGB - MuscleBoost\",\"isPartOf\":{\"@id\":\"https:\/\/muscleboost.ch\/#website\"},\"datePublished\":\"2023-03-30T13:24:51+00:00\",\"dateModified\":\"2023-09-22T11:44:55+00:00\",\"breadcrumb\":{\"@id\":\"https:\/\/muscleboost.ch\/agb\/#breadcrumb\"},\"inLanguage\":\"fr-FR\",\"potentialAction\":[{\"@type\":\"ReadAction\",\"target\":[\"https:\/\/muscleboost.ch\/agb\/\"]}]},{\"@type\":\"BreadcrumbList\",\"@id\":\"https:\/\/muscleboost.ch\/agb\/#breadcrumb\",\"itemListElement\":[{\"@type\":\"ListItem\",\"position\":1,\"name\":\"Startseite\",\"item\":\"https:\/\/muscleboost.ch\/\"},{\"@type\":\"ListItem\",\"position\":2,\"name\":\"AGB\"}]},{\"@type\":\"WebSite\",\"@id\":\"https:\/\/muscleboost.ch\/#website\",\"url\":\"https:\/\/muscleboost.ch\/\",\"name\":\"MuscleBoost\",\"description\":\"Dein Online Shop f\u00fcr hochwertige Fitness-Nahrungserg\u00e4nzungsmittel, die dir helfen, Muskeln und Kraft aufzubauen.\",\"publisher\":{\"@id\":\"https:\/\/muscleboost.ch\/#organization\"},\"potentialAction\":[{\"@type\":\"SearchAction\",\"target\":{\"@type\":\"EntryPoint\",\"urlTemplate\":\"https:\/\/muscleboost.ch\/?s={search_term_string}\"},\"query-input\":\"required name=search_term_string\"}],\"inLanguage\":\"fr-FR\"},{\"@type\":\"Organization\",\"@id\":\"https:\/\/muscleboost.ch\/#organization\",\"name\":\"Muscleboost\",\"url\":\"https:\/\/muscleboost.ch\/\",\"logo\":{\"@type\":\"ImageObject\",\"inLanguage\":\"fr-FR\",\"@id\":\"https:\/\/muscleboost.ch\/#\/schema\/logo\/image\/\",\"url\":\"https:\/\/muscleboost.ch\/wp-content\/uploads\/2023\/04\/logo_meta.png\",\"contentUrl\":\"https:\/\/muscleboost.ch\/wp-content\/uploads\/2023\/04\/logo_meta.png\",\"width\":1200,\"height\":627,\"caption\":\"Muscleboost\"},\"image\":{\"@id\":\"https:\/\/muscleboost.ch\/#\/schema\/logo\/image\/\"},\"sameAs\":[\"https:\/\/www.instagram.com\/muscleboost.ch\"]}]}<\/script>\n<!-- \/ Yoast SEO plugin. -->","yoast_head_json":{"title":"AGB - MuscleBoost","robots":{"index":"index","follow":"follow","max-snippet":"max-snippet:-1","max-image-preview":"max-image-preview:large","max-video-preview":"max-video-preview:-1"},"canonical":"https:\/\/muscleboost.ch\/fr\/agb\/","og_locale":"fr_FR","og_type":"article","og_title":"AGB - MuscleBoost","og_description":"Lieferbedingungen Ist nichts anderes mit dem Kunden vereinbart, so gelten die unter dem Punkt \u201eLieferung\u201c aufgef\u00fchrten Versandkosten. Die Lieferung erfolgt in der Regel innert drei bis vier Werktagen nach Zahlungseingang innerhalb der Schweiz und wird an die vom Kunden angegebene Adresse geliefert. Vertragsabschluss Der K\u00e4ufer verpflichtet sich, die Bestellung zu den auf der Website angegebenen [&hellip;]","og_url":"https:\/\/muscleboost.ch\/fr\/agb\/","og_site_name":"MuscleBoost","article_modified_time":"2023-09-22T11:44:55+00:00","og_image":[{"width":1200,"height":627,"url":"https:\/\/muscleboost.ch\/wp-content\/uploads\/2023\/04\/logo_meta.png","type":"image\/png"}],"twitter_card":"summary_large_image","twitter_misc":{"Dur\u00e9e de lecture estim\u00e9e":"2 minutes"},"schema":{"@context":"https:\/\/schema.org","@graph":[{"@type":"WebPage","@id":"https:\/\/muscleboost.ch\/agb\/","url":"https:\/\/muscleboost.ch\/agb\/","name":"AGB - MuscleBoost","isPartOf":{"@id":"https:\/\/muscleboost.ch\/#website"},"datePublished":"2023-03-30T13:24:51+00:00","dateModified":"2023-09-22T11:44:55+00:00","breadcrumb":{"@id":"https:\/\/muscleboost.ch\/agb\/#breadcrumb"},"inLanguage":"fr-FR","potentialAction":[{"@type":"ReadAction","target":["https:\/\/muscleboost.ch\/agb\/"]}]},{"@type":"BreadcrumbList","@id":"https:\/\/muscleboost.ch\/agb\/#breadcrumb","itemListElement":[{"@type":"ListItem","position":1,"name":"Startseite","item":"https:\/\/muscleboost.ch\/"},{"@type":"ListItem","position":2,"name":"AGB"}]},{"@type":"WebSite","@id":"https:\/\/muscleboost.ch\/#website","url":"https:\/\/muscleboost.ch\/","name":"MuscleBoost","description":"Dein Online Shop f\u00fcr hochwertige Fitness-Nahrungserg\u00e4nzungsmittel, die dir helfen, Muskeln und Kraft aufzubauen.","publisher":{"@id":"https:\/\/muscleboost.ch\/#organization"},"potentialAction":[{"@type":"SearchAction","target":{"@type":"EntryPoint","urlTemplate":"https:\/\/muscleboost.ch\/?s={search_term_string}"},"query-input":"required name=search_term_string"}],"inLanguage":"fr-FR"},{"@type":"Organization","@id":"https:\/\/muscleboost.ch\/#organization","name":"Muscleboost","url":"https:\/\/muscleboost.ch\/","logo":{"@type":"ImageObject","inLanguage":"fr-FR","@id":"https:\/\/muscleboost.ch\/#\/schema\/logo\/image\/","url":"https:\/\/muscleboost.ch\/wp-content\/uploads\/2023\/04\/logo_meta.png","contentUrl":"https:\/\/muscleboost.ch\/wp-content\/uploads\/2023\/04\/logo_meta.png","width":1200,"height":627,"caption":"Muscleboost"},"image":{"@id":"https:\/\/muscleboost.ch\/#\/schema\/logo\/image\/"},"sameAs":["https:\/\/www.instagram.com\/muscleboost.ch"]}]}},"_links":{"self":[{"href":"https:\/\/muscleboost.ch\/fr\/wp-json\/wp\/v2\/pages\/364","targetHints":{"allow":["GET"]}}],"collection":[{"href":"https:\/\/muscleboost.ch\/fr\/wp-json\/wp\/v2\/pages"}],"about":[{"href":"https:\/\/muscleboost.ch\/fr\/wp-json\/wp\/v2\/types\/page"}],"author":[{"embeddable":true,"href":"https:\/\/muscleboost.ch\/fr\/wp-json\/wp\/v2\/users\/1"}],"replies":[{"embeddable":true,"href":"https:\/\/muscleboost.ch\/fr\/wp-json\/wp\/v2\/comments?post=364"}],"version-history":[{"count":22,"href":"https:\/\/muscleboost.ch\/fr\/wp-json\/wp\/v2\/pages\/364\/revisions"}],"predecessor-version":[{"id":28942,"href":"https:\/\/muscleboost.ch\/fr\/wp-json\/wp\/v2\/pages\/364\/revisions\/28942"}],"wp:attachment":[{"href":"https:\/\/muscleboost.ch\/fr\/wp-json\/wp\/v2\/media?parent=364"}],"curies":[{"name":"wp","href":"https:\/\/api.w.org\/{rel}","templated":true}]}}